{"id":57,"date":"2024-06-12T10:52:06","date_gmt":"2024-06-12T10:52:06","guid":{"rendered":"https:\/\/refonte.akro-cats.com\/?page_id=57"},"modified":"2025-05-06T13:20:34","modified_gmt":"2025-05-06T13:20:34","slug":"about","status":"publish","type":"page","link":"https:\/\/refonte.akro-cats.com\/?page_id=57","title":{"rendered":"A propos"},"content":{"rendered":"\n<div class=\"wp-block-uagb-container uagb-block-4e36697f alignfull uagb-is-root-container\">\n<div class=\"wp-block-uagb-container uagb-block-ec04fd42\">\n<div class=\"wp-block-uagb-advanced-heading uagb-block-15ded6fa\"><p class=\"uagb-desc-text\">\u00c0 Propos<\/p><h1 class=\"uagb-heading-text\">D\u00e9couvrez Notre Histoire Engageante<\/h1><\/div>\n<\/div>\n<\/div>\n\n\n\n<div class=\"wp-block-uagb-container uagb-block-f4818854 alignfull uagb-is-root-container\"><div class=\"uagb-container-inner-blocks-wrap\">\n<div class=\"wp-block-uagb-info-box uagb-block-b108e9ba uagb-infobox__content-wrap  uagb-infobox-icon-above-title uagb-infobox-image-valign-top wp-block-uagb-info-box--has-margin\"><div class=\"uagb-infobox-margin-wrapper\"><div class=\"uagb-ifb-content\"><div class=\"uagb-ifb-title-wrap\"><p class=\"uagb-ifb-title-prefix\">Notre Engagement<\/p><h2 class=\"uagb-ifb-title\">Tout Sur l&rsquo;Entreprise Akro Cats<\/h2><\/div><p class=\"uagb-ifb-desc\">Akro Cats, leader de la s\u00e9curisation pour chats, assure des espaces s\u00fbrs et styl\u00e9s. Notre garantie d&rsquo;un an pi\u00e8ces et main d\u2019\u0153uvre souligne notre engagement envers la qualit\u00e9. Avec des mat\u00e9riaux durables, nous avons atteint un taux de satisfaction de 100% chez nos clients.<\/p><\/div><\/div><\/div>\n\n\n\n<div class=\"wp-block-uagb-image aligncenter uagb-block-e9cae4cc wp-block-uagb-image--layout-default wp-block-uagb-image--effect-static wp-block-uagb-image--align-center\"><figure class=\"wp-block-uagb-image__figure\"><img decoding=\"async\" srcset=\"https:\/\/refonte.akro-cats.com\/wp-content\/uploads\/2024\/06\/zipwp-image-img-5657-min-moyenne-2.jpeg ,https:\/\/refonte.akro-cats.com\/wp-content\/uploads\/2024\/06\/zipwp-image-img-5657-min-moyenne-2.jpeg 780w, https:\/\/refonte.akro-cats.com\/wp-content\/uploads\/2024\/06\/zipwp-image-img-5657-min-moyenne-2.jpeg 360w\" sizes=\"auto, (max-width: 480px) 150px\" src=\"https:\/\/refonte.akro-cats.com\/wp-content\/uploads\/2024\/06\/zipwp-image-img-5657-min-moyenne-2.jpeg\" alt=\"\" class=\"uag-image-1400\" width=\"1200\" height=\"500\" title=\"who-we-are\" loading=\"lazy\" role=\"img\"\/><\/figure><\/div>\n<\/div><\/div>\n\n\n\n<div class=\"wp-block-uagb-container uagb-layout-grid uagb-block-f9bbf560 alignfull uagb-is-root-container\"><div class=\"uagb-container-inner-blocks-wrap\">\n<div class=\"wp-block-uagb-info-box uagb-block-1ddf5a15 uagb-infobox__content-wrap  uagb-infobox-icon-above-title uagb-infobox-image-valign-top wp-block-uagb-info-box--has-margin\"><div class=\"uagb-infobox-margin-wrapper\"><div class=\"uagb-ifb-content\"><div class=\"uagb-ifb-title-wrap\"><p class=\"uagb-ifb-title-prefix\">Historique de Succ\u00e8s<\/p><h2 class=\"uagb-ifb-title\">Notre Parcours Vers l&rsquo;Excellence<\/h2><\/div><p class=\"uagb-ifb-desc\">Depuis nos d\u00e9buts, Akro Cats s&rsquo;efforce d&rsquo;offrir les meilleures solutions de s\u00e9curisation pour chats. Notre expertise dans la cr\u00e9ation de chatteries, pensions et catios en a fait un choix privil\u00e9gi\u00e9 des propri\u00e9taires f\u00e9lins.<br><br>Fond\u00e9e avec passion, Akro Cats a \u00e9volu\u00e9 pour devenir la r\u00e9f\u00e9rence en s\u00e9curisation pour chats. Chaque projet refl\u00e8te notre d\u00e9vouement \u00e0 offrir des solutions personnalis\u00e9es, durables et esth\u00e9tiques.<\/p><\/div><\/div><\/div>\n\n\n\n<div class=\"wp-block-uagb-image uagb-block-24faad0a wp-block-uagb-image--layout-default wp-block-uagb-image--effect-static wp-block-uagb-image--align-none\"><figure class=\"wp-block-uagb-image__figure\"><img decoding=\"async\" srcset=\"https:\/\/refonte.akro-cats.com\/wp-content\/uploads\/2024\/06\/zipwp-image-img-6967-moyenne-2.jpeg ,https:\/\/refonte.akro-cats.com\/wp-content\/uploads\/2024\/06\/zipwp-image-img-6967-moyenne-2.jpeg 780w, https:\/\/refonte.akro-cats.com\/wp-content\/uploads\/2024\/06\/zipwp-image-img-6967-moyenne-2.jpeg 360w\" sizes=\"auto, (max-width: 480px) 150px\" src=\"https:\/\/refonte.akro-cats.com\/wp-content\/uploads\/2024\/06\/zipwp-image-img-6967-moyenne-2.jpeg\" alt=\"\" class=\"uag-image-1410\" width=\"552\" height=\"500\" title=\"our-story\" loading=\"lazy\" role=\"img\"\/><\/figure><\/div>\n<\/div><\/div>\n\n\n\n<div class=\"wp-block-uagb-container uagb-block-867bc3bb alignfull uagb-is-root-container\"><div class=\"uagb-container-inner-blocks-wrap\">\n<div class=\"wp-block-uagb-advanced-heading uagb-block-4dab6469\"><p class=\"uagb-desc-text\">Notre Engagement<\/p><h2 class=\"uagb-heading-text\">Missions et Valeurs Fondamentales<\/h2><\/div>\n\n\n\n<div class=\"wp-block-uagb-container uagb-layout-flex uagb-block-7d38a392\">\n<div class=\"wp-block-uagb-container uagb-block-79d32f2a\">\n<div class=\"wp-block-uagb-info-box uagb-block-55b820fe uagb-infobox__content-wrap  uagb-infobox-icon-above-title uagb-infobox-image-valign-top wp-block-uagb-info-box--has-margin\"><div class=\"uagb-infobox-margin-wrapper\"><div class=\"uagb-ifb-content\"><div class=\"uagb-ifb-title-wrap\"><p class=\"uagb-ifb-title-prefix\">Notre mission<\/p><h3 class=\"uagb-ifb-title\">Notre Mission<\/h3><\/div><p class=\"uagb-ifb-desc\">Chez Akro Cats, notre mission est de s\u00e9curiser les chats de mani\u00e8re esth\u00e9tique et fiable, offrant \u00e0 nos clients une tranquillit\u00e9 d&rsquo;esprit absolue quant \u00e0 la s\u00e9curit\u00e9 de leurs pr\u00e9cieux compagnons.<\/p><\/div><\/div><\/div>\n<\/div>\n\n\n\n<div class=\"wp-block-uagb-container uagb-block-f677c036\">\n<div class=\"wp-block-uagb-info-box uagb-block-beeb6598 uagb-infobox__content-wrap  uagb-infobox-icon-above-title uagb-infobox-image-valign-top wp-block-uagb-info-box--has-margin\"><div class=\"uagb-infobox-margin-wrapper\"><div class=\"uagb-ifb-content\"><div class=\"uagb-ifb-title-wrap\"><p class=\"uagb-ifb-title-prefix\">Nos valeurs<\/p><h3 class=\"uagb-ifb-title\">Nos Valeurs<\/h3><\/div><p class=\"uagb-ifb-desc\">Nos valeurs fondamentales incluent l&rsquo;excellence, la durabilit\u00e9 et la satisfaction client. Nous visons \u00e0 offrir des solutions de s\u00e9curit\u00e9 pour chats qui d\u00e9passent les attentes, tout en maintenant des normes de qualit\u00e9 \u00e9lev\u00e9es.<\/p><\/div><\/div><\/div>\n<\/div>\n<\/div>\n<\/div><\/div>\n\n\n\n<div class=\"wp-block-uagb-container uagb-block-d348107e alignfull uagb-is-root-container\"><div class=\"uagb-container-inner-blocks-wrap\">\n<div class=\"wp-block-uagb-container uagb-block-f9d50a0b\">\n<div class=\"wp-block-uagb-info-box uagb-block-5c295698 uagb-infobox__content-wrap  uagb-infobox-icon-above-title uagb-infobox-image-valign-top wp-block-uagb-info-box--has-margin\"><div class=\"uagb-infobox-margin-wrapper\"><div class=\"uagb-ifb-content\"><div class=\"uagb-ifb-title-wrap\"><h2 class=\"uagb-ifb-title\">Assurez d\u00e8s aujourd&rsquo;hui la s\u00e9curit\u00e9 de vos chats!<\/h2><\/div><p class=\"uagb-ifb-desc\">Contactez-nous pour une consultation gratuite et transformez vos espaces pour le bonheur de vos f\u00e9lins.<\/p><div class=\"uagb-ifb-button-wrapper wp-block-button\"><a href=\"contact\/\" class=\"uagb-infobox-cta-link wp-block-button__link\" target=\"_self\" rel=\"noopener noreferrer\" onclick=\"return true;\"><span class=\"uagb-inline-editing\">Nous contacter!<\/span><\/a><\/div><\/div><\/div><\/div>\n<\/div>\n<\/div><\/div>\n","protected":false},"excerpt":{"rendered":"<p>\u00c0 Propos D\u00e9couvrez Notre Histoire Engageante Notre Engagement Missions et Valeurs Fondamentales<\/p>\n","protected":false},"author":3,"featured_media":0,"parent":0,"menu_order":0,"comment_status":"closed","ping_status":"closed","template":"","meta":{"_uag_custom_page_level_css":"","site-sidebar-layout":"default","site-content-layout":"","ast-site-content-layout":"default","site-content-style":"default","site-sidebar-style":"default","ast-global-header-display":"","ast-banner-title-visibility":"","ast-main-header-display":"","ast-hfb-above-header-display":"","ast-hfb-below-header-display":"","ast-hfb-mobile-header-display":"","site-post-title":"disabled","ast-breadcrumbs-content":"","ast-featured-img":"","footer-sml-layout":"","ast-disable-related-posts":"","theme-transparent-header-meta":"","adv-header-id-meta":"","stick-header-meta":"","header-above-stick-meta":"","header-main-stick-meta":"","header-below-stick-meta":"","astra-migrate-meta-layouts":"default","ast-page-background-enabled":"default","ast-page-background-meta":{"desktop":{"background-color":"var(--ast-global-color-4)","background-image":"","background-repeat":"repeat","background-position":"center center","background-size":"auto","background-attachment":"scroll","background-type":"","background-media":"","overlay-type":"","overlay-color":"","overlay-opacity":"","overlay-gradient":""},"tablet":{"background-color":"","background-image":"","background-repeat":"repeat","background-position":"center center","background-size":"auto","background-attachment":"scroll","background-type":"","background-media":"","overlay-type":"","overlay-color":"","overlay-opacity":"","overlay-gradient":""},"mobile":{"background-color":"","background-image":"","background-repeat":"repeat","background-position":"center center","background-size":"auto","background-attachment":"scroll","background-type":"","background-media":"","overlay-type":"","overlay-color":"","overlay-opacity":"","overlay-gradient":""}},"ast-content-background-meta":{"desktop":{"background-color":"var(--ast-global-color-5)","background-image":"","background-repeat":"repeat","background-position":"center center","background-size":"auto","background-attachment":"scroll","background-type":"","background-media":"","overlay-type":"","overlay-color":"","overlay-opacity":"","overlay-gradient":""},"tablet":{"background-color":"var(--ast-global-color-5)","background-image":"","background-repeat":"repeat","background-position":"center center","background-size":"auto","background-attachment":"scroll","background-type":"","background-media":"","overlay-type":"","overlay-color":"","overlay-opacity":"","overlay-gradient":""},"mobile":{"background-color":"var(--ast-global-color-5)","background-image":"","background-repeat":"repeat","background-position":"center center","background-size":"auto","background-attachment":"scroll","background-type":"","background-media":"","overlay-type":"","overlay-color":"","overlay-opacity":"","overlay-gradient":""}},"footnotes":""},"class_list":["post-57","page","type-page","status-publish","hentry"],"uagb_featured_image_src":{"full":false,"thumbnail":false,"medium":false,"medium_large":false,"large":false,"1536x1536":false,"2048x2048":false},"uagb_author_info":{"display_name":"e10k0zsqlfr7","author_link":"https:\/\/refonte.akro-cats.com\/?author=3"},"uagb_comment_info":0,"uagb_excerpt":"\u00c0 Propos D\u00e9couvrez Notre Histoire Engageante Notre Engagement Missions et Valeurs Fondamentales","_links":{"self":[{"href":"https:\/\/refonte.akro-cats.com\/index.php?rest_route=\/wp\/v2\/pages\/57","targetHints":{"allow":["GET"]}}],"collection":[{"href":"https:\/\/refonte.akro-cats.com\/index.php?rest_route=\/wp\/v2\/pages"}],"about":[{"href":"https:\/\/refonte.akro-cats.com\/index.php?rest_route=\/wp\/v2\/types\/page"}],"author":[{"embeddable":true,"href":"https:\/\/refonte.akro-cats.com\/index.php?rest_route=\/wp\/v2\/users\/3"}],"replies":[{"embeddable":true,"href":"https:\/\/refonte.akro-cats.com\/index.php?rest_route=%2Fwp%2Fv2%2Fcomments&post=57"}],"version-history":[{"count":3,"href":"https:\/\/refonte.akro-cats.com\/index.php?rest_route=\/wp\/v2\/pages\/57\/revisions"}],"predecessor-version":[{"id":1483,"href":"https:\/\/refonte.akro-cats.com\/index.php?rest_route=\/wp\/v2\/pages\/57\/revisions\/1483"}],"wp:attachment":[{"href":"https:\/\/refonte.akro-cats.com\/index.php?rest_route=%2Fwp%2Fv2%2Fmedia&parent=57"}],"curies":[{"name":"wp","href":"https:\/\/api.w.org\/{rel}","templated":true}]}}