{"id":59,"date":"2024-06-12T10:52:05","date_gmt":"2024-06-12T10:52:05","guid":{"rendered":"https:\/\/refonte.akro-cats.com\/?page_id=59"},"modified":"2025-05-06T13:06:31","modified_gmt":"2025-05-06T13:06:31","slug":"services","status":"publish","type":"page","link":"https:\/\/refonte.akro-cats.com\/?page_id=59","title":{"rendered":"Services"},"content":{"rendered":"\n<div class=\"wp-block-uagb-container uagb-block-4e36697f alignfull uagb-is-root-container\">\n<div class=\"wp-block-uagb-container uagb-block-ec04fd42\">\n<div class=\"wp-block-uagb-advanced-heading uagb-block-335240ed\"><p class=\"uagb-desc-text\">Services de<\/p><h1 class=\"uagb-heading-text\">S\u00e9curisation sur mesure pour chats<\/h1><\/div>\n<\/div>\n<\/div>\n\n\n\n<div class=\"wp-block-uagb-container uagb-block-23f6ed74 alignfull uagb-is-root-container\"><div class=\"uagb-container-inner-blocks-wrap\">\n<div class=\"wp-block-uagb-container uagb-block-f8c884c5\">\n<div class=\"wp-block-uagb-container uagb-block-d025a10b\">\n<div class=\"wp-block-uagb-info-box uagb-block-612d8364 uagb-infobox__content-wrap  uagb-infobox-icon-above-title uagb-infobox-image-valign-top wp-block-uagb-info-box--has-margin\"><div class=\"uagb-infobox-margin-wrapper\"><div class=\"uagb-ifb-content\"><div class=\"uagb-ifb-title-wrap\"><p class=\"uagb-ifb-title-prefix\">01<\/p><h2 class=\"uagb-ifb-title\">Filet Renforc\u00e9<\/h2><\/div><p class=\"uagb-ifb-desc\">Nous proposons l&rsquo;installation sur mesure de filets renforc\u00e9s pour prot\u00e9ger vos chats en ext\u00e9rieur, avec options d&rsquo;ouverture vari\u00e9es jusqu&rsquo;\u00e0 2 m\u00e8tres.<\/p><\/div><\/div><\/div>\n<\/div>\n<\/div>\n\n\n\n<div class=\"wp-block-uagb-container uagb-block-6f376c07\">\n<div class=\"wp-block-uagb-container uagb-block-7b0600f2\">\n<div class=\"wp-block-uagb-info-box uagb-block-26088310 uagb-infobox__content-wrap  uagb-infobox-icon-above-title uagb-infobox-image-valign-top wp-block-uagb-info-box--has-margin\"><div class=\"uagb-infobox-margin-wrapper\"><div class=\"uagb-ifb-content\"><div class=\"uagb-ifb-title-wrap\"><p class=\"uagb-ifb-title-prefix\">02<\/p><h2 class=\"uagb-ifb-title\">Chatteries Personnalis\u00e9es<\/h2><\/div><p class=\"uagb-ifb-desc\">Nous concevons et r\u00e9alisons des chatteries sur mesure pour offrir \u00e0 vos chats un espace s\u00e9curis\u00e9 et confortable, int\u00e9grant vos pr\u00e9f\u00e9rences et contraintes.<\/p><\/div><\/div><\/div>\n<\/div>\n<\/div>\n\n\n\n<div class=\"wp-block-uagb-container uagb-block-b0b4e2db\">\n<div class=\"wp-block-uagb-container uagb-block-f0522125\">\n<div class=\"wp-block-uagb-info-box uagb-block-dc197971 uagb-infobox__content-wrap  uagb-infobox-icon-above-title uagb-infobox-image-valign-top wp-block-uagb-info-box--has-margin\"><div class=\"uagb-infobox-margin-wrapper\"><div class=\"uagb-ifb-content\"><div class=\"uagb-ifb-title-wrap\"><p class=\"uagb-ifb-title-prefix\">03<\/p><h2 class=\"uagb-ifb-title\">Pensions et Catios<\/h2><\/div><p class=\"uagb-ifb-desc\">Nous am\u00e9nageons des espaces de pension et des catios fixes ou amovibles pour offrir \u00e0 vos f\u00e9lins un environnement s\u00fbr tout en b\u00e9n\u00e9ficiant de l&rsquo;ext\u00e9rieur en toute s\u00e9curit\u00e9.<\/p><\/div><\/div><\/div>\n<\/div>\n<\/div>\n\n\n\n<div class=\"wp-block-uagb-container uagb-block-9d478ad1\">\n<div class=\"wp-block-uagb-container uagb-block-46bcd362\">\n<div class=\"wp-block-uagb-info-box uagb-block-ad65af71 uagb-infobox__content-wrap  uagb-infobox-icon-above-title uagb-infobox-image-valign-top wp-block-uagb-info-box--has-margin\"><div class=\"uagb-infobox-margin-wrapper\"><div class=\"uagb-ifb-content\"><div class=\"uagb-ifb-title-wrap\"><p class=\"uagb-ifb-title-prefix\">04<\/p><h2 class=\"uagb-ifb-title\">S\u00e9curisation Int\u00e9rieure<\/h2><\/div><p class=\"uagb-ifb-desc\">Nous assurons la s\u00e9curisation de vos espaces int\u00e9rieurs par l&rsquo;installation de grillages adapt\u00e9s, pour une tranquillit\u00e9 d&rsquo;esprit et la protection de vos chats.<\/p><\/div><\/div><\/div>\n<\/div>\n<\/div>\n<\/div><\/div>\n\n\n\n<div class=\"wp-block-uagb-container uagb-block-d348107e alignfull uagb-is-root-container\"><div class=\"uagb-container-inner-blocks-wrap\">\n<div class=\"wp-block-uagb-container uagb-block-f9d50a0b\">\n<div class=\"wp-block-uagb-info-box uagb-block-5c295698 uagb-infobox__content-wrap  uagb-infobox-icon-above-title uagb-infobox-image-valign-top wp-block-uagb-info-box--has-margin\"><div class=\"uagb-infobox-margin-wrapper\"><div class=\"uagb-ifb-content\"><div class=\"uagb-ifb-title-wrap\"><h2 class=\"uagb-ifb-title\">Assurez d\u00e8s aujourd&rsquo;hui la s\u00e9curit\u00e9 de vos chats!<\/h2><\/div><p class=\"uagb-ifb-desc\">Contactez-nous pour une consultation gratuite et transformez vos espaces pour le bonheur de vos f\u00e9lins.<\/p><div class=\"uagb-ifb-button-wrapper wp-block-button\"><a href=\"contact\/\" class=\"uagb-infobox-cta-link wp-block-button__link\" target=\"_self\" rel=\"noopener noreferrer\" onclick=\"return true;\"><span class=\"uagb-inline-editing\">Nous contacter!<\/span><\/a><\/div><\/div><\/div><\/div>\n<\/div>\n<\/div><\/div>\n","protected":false},"excerpt":{"rendered":"<p>Services de S\u00e9curisation sur mesure pour chats<\/p>\n","protected":false},"author":3,"featured_media":0,"parent":0,"menu_order":0,"comment_status":"closed","ping_status":"closed","template":"","meta":{"_uag_custom_page_level_css":"","site-sidebar-layout":"default","site-content-layout":"","ast-site-content-layout":"default","site-content-style":"default","site-sidebar-style":"default","ast-global-header-display":"","ast-banner-title-visibility":"","ast-main-header-display":"","ast-hfb-above-header-display":"","ast-hfb-below-header-display":"","ast-hfb-mobile-header-display":"","site-post-title":"disabled","ast-breadcrumbs-content":"","ast-featured-img":"","footer-sml-layout":"","ast-disable-related-posts":"","theme-transparent-header-meta":"","adv-header-id-meta":"","stick-header-meta":"","header-above-stick-meta":"","header-main-stick-meta":"","header-below-stick-meta":"","astra-migrate-meta-layouts":"default","ast-page-background-enabled":"default","ast-page-background-meta":{"desktop":{"background-color":"var(--ast-global-color-4)","background-image":"","background-repeat":"repeat","background-position":"center center","background-size":"auto","background-attachment":"scroll","background-type":"","background-media":"","overlay-type":"","overlay-color":"","overlay-opacity":"","overlay-gradient":""},"tablet":{"background-color":"","background-image":"","background-repeat":"repeat","background-position":"center center","background-size":"auto","background-attachment":"scroll","background-type":"","background-media":"","overlay-type":"","overlay-color":"","overlay-opacity":"","overlay-gradient":""},"mobile":{"background-color":"","background-image":"","background-repeat":"repeat","background-position":"center center","background-size":"auto","background-attachment":"scroll","background-type":"","background-media":"","overlay-type":"","overlay-color":"","overlay-opacity":"","overlay-gradient":""}},"ast-content-background-meta":{"desktop":{"background-color":"var(--ast-global-color-5)","background-image":"","background-repeat":"repeat","background-position":"center center","background-size":"auto","background-attachment":"scroll","background-type":"","background-media":"","overlay-type":"","overlay-color":"","overlay-opacity":"","overlay-gradient":""},"tablet":{"background-color":"var(--ast-global-color-5)","background-image":"","background-repeat":"repeat","background-position":"center center","background-size":"auto","background-attachment":"scroll","background-type":"","background-media":"","overlay-type":"","overlay-color":"","overlay-opacity":"","overlay-gradient":""},"mobile":{"background-color":"var(--ast-global-color-5)","background-image":"","background-repeat":"repeat","background-position":"center center","background-size":"auto","background-attachment":"scroll","background-type":"","background-media":"","overlay-type":"","overlay-color":"","overlay-opacity":"","overlay-gradient":""}},"footnotes":""},"class_list":["post-59","page","type-page","status-publish","hentry"],"uagb_featured_image_src":{"full":false,"thumbnail":false,"medium":false,"medium_large":false,"large":false,"1536x1536":false,"2048x2048":false},"uagb_author_info":{"display_name":"e10k0zsqlfr7","author_link":"https:\/\/refonte.akro-cats.com\/?author=3"},"uagb_comment_info":0,"uagb_excerpt":"Services de S\u00e9curisation sur mesure pour chats","_links":{"self":[{"href":"https:\/\/refonte.akro-cats.com\/index.php?rest_route=\/wp\/v2\/pages\/59","targetHints":{"allow":["GET"]}}],"collection":[{"href":"https:\/\/refonte.akro-cats.com\/index.php?rest_route=\/wp\/v2\/pages"}],"about":[{"href":"https:\/\/refonte.akro-cats.com\/index.php?rest_route=\/wp\/v2\/types\/page"}],"author":[{"embeddable":true,"href":"https:\/\/refonte.akro-cats.com\/index.php?rest_route=\/wp\/v2\/users\/3"}],"replies":[{"embeddable":true,"href":"https:\/\/refonte.akro-cats.com\/index.php?rest_route=%2Fwp%2Fv2%2Fcomments&post=59"}],"version-history":[{"count":2,"href":"https:\/\/refonte.akro-cats.com\/index.php?rest_route=\/wp\/v2\/pages\/59\/revisions"}],"predecessor-version":[{"id":1479,"href":"https:\/\/refonte.akro-cats.com\/index.php?rest_route=\/wp\/v2\/pages\/59\/revisions\/1479"}],"wp:attachment":[{"href":"https:\/\/refonte.akro-cats.com\/index.php?rest_route=%2Fwp%2Fv2%2Fmedia&parent=59"}],"curies":[{"name":"wp","href":"https:\/\/api.w.org\/{rel}","templated":true}]}}